{"id":6,"date":"2025-11-01T16:26:30","date_gmt":"2025-11-01T16:26:30","guid":{"rendered":"https:\/\/aguasabiertascrnbe.com.ar\/?page_id=6"},"modified":"2026-03-18T16:33:04","modified_gmt":"2026-03-18T16:33:04","slug":"aguas-abiertas-belen-de-escobar","status":"publish","type":"page","link":"https:\/\/aguasabiertascrnbe.com.ar\/","title":{"rendered":"Marat\u00f3n Acu\u00e1tico Bel\u00e9n de Escobar 13 DIC 2026"},"content":{"rendered":"\n<p><mark style=\"background-color:rgba(0, 0, 0, 0)\" class=\"has-inline-color has-medium-pink-color\"><strong>Ya tenemos fecha 13 de DIC de 2026<\/strong><\/mark><\/p>\n\n\n\n<h2 class=\"wp-block-heading\"><mark style=\"background-color:rgba(0, 0, 0, 0);color:#f80000\" class=\"has-inline-color\">Resultados 08 Febrero 2026 <\/mark><br><br><a href=\"https:\/\/drive.google.com\/file\/d\/1sMuyS4LzSSNuwgigtHEJKV87AUAlBxwz\/view?usp=sharing\" target=\"_blank\" rel=\"noreferrer noopener\">7km General<br><\/a><a href=\"https:\/\/drive.google.com\/file\/d\/1cq-evMojCAgK4SViiRLMGr01PGuMHvn_\/view?usp=sharing\" target=\"_blank\" rel=\"noreferrer noopener\">7 km Categorias<\/a><\/h2>\n\n\n\n<h2 class=\"wp-block-heading\">4 km <br><a href=\"https:\/\/drive.google.com\/file\/d\/1c1a1BrG11qOhvedyslfK5aPwnW_a8Sse\/view?usp=sharing\" target=\"_blank\" rel=\"noreferrer noopener\">4 km General <br><\/a><a href=\"https:\/\/drive.google.com\/file\/d\/1zgIZUsZwI6CrVmCS2S05GSkz23y4GbSK\/view?usp=sharing\" target=\"_blank\" rel=\"noreferrer noopener\">4<\/a><a href=\"https:\/\/drive.google.com\/file\/d\/1zgIZUsZwI6CrVmCS2S05GSkz23y4GbSK\/view?usp=sharing\" target=\"_blank\" rel=\"noreferrer noopener\"> km Categorias<\/a><\/h2>\n\n\n\n<p class=\"has-text-align-center has-dark-gray-color has-text-color has-link-color wp-elements-706186363755a256cae5d841d0c820e6\">Nos acompa\u00f1a CDN Ciudad del Nado<\/p>\n\n\n<div class=\"wp-block-image\">\n<figure class=\"aligncenter size-large is-resized\"><img loading=\"lazy\" decoding=\"async\" width=\"1024\" height=\"717\" src=\"https:\/\/aguasabiertascrnbe.com.ar\/wp-content\/uploads\/2025\/11\/CDN-logo-1024x717.jpg\" alt=\"\" class=\"wp-image-37\" style=\"width:362px;height:auto\" srcset=\"https:\/\/aguasabiertascrnbe.com.ar\/wp-content\/uploads\/2025\/11\/CDN-logo-1024x717.jpg 1024w, https:\/\/aguasabiertascrnbe.com.ar\/wp-content\/uploads\/2025\/11\/CDN-logo-300x210.jpg 300w, https:\/\/aguasabiertascrnbe.com.ar\/wp-content\/uploads\/2025\/11\/CDN-logo-768x538.jpg 768w, https:\/\/aguasabiertascrnbe.com.ar\/wp-content\/uploads\/2025\/11\/CDN-logo-1536x1075.jpg 1536w, https:\/\/aguasabiertascrnbe.com.ar\/wp-content\/uploads\/2025\/11\/CDN-logo.jpg 1600w\" sizes=\"auto, (max-width: 1024px) 100vw, 1024px\" \/><\/figure><\/div>\n\n\n<p class=\"has-background\" style=\"background-color:#07204d\"><\/p>\n\n\n\n<p><\/p>\n","protected":false},"excerpt":{"rendered":"<p>Ya tenemos fecha 13 de DIC de 2026 Resultados 08 Febrero 2026 7km General7 km Categorias 4 km 4 km General 4 km Categorias Nos acompa\u00f1a CDN Ciudad del Nado<\/p>\n","protected":false},"author":1,"featured_media":0,"parent":0,"menu_order":0,"comment_status":"closed","ping_status":"closed","template":"","meta":{"footnotes":""},"class_list":["post-6","page","type-page","status-publish","hentry"],"_links":{"self":[{"href":"https:\/\/aguasabiertascrnbe.com.ar\/index.php?rest_route=\/wp\/v2\/pages\/6","targetHints":{"allow":["GET"]}}],"collection":[{"href":"https:\/\/aguasabiertascrnbe.com.ar\/index.php?rest_route=\/wp\/v2\/pages"}],"about":[{"href":"https:\/\/aguasabiertascrnbe.com.ar\/index.php?rest_route=\/wp\/v2\/types\/page"}],"author":[{"embeddable":true,"href":"https:\/\/aguasabiertascrnbe.com.ar\/index.php?rest_route=\/wp\/v2\/users\/1"}],"replies":[{"embeddable":true,"href":"https:\/\/aguasabiertascrnbe.com.ar\/index.php?rest_route=%2Fwp%2Fv2%2Fcomments&post=6"}],"version-history":[{"count":36,"href":"https:\/\/aguasabiertascrnbe.com.ar\/index.php?rest_route=\/wp\/v2\/pages\/6\/revisions"}],"predecessor-version":[{"id":79,"href":"https:\/\/aguasabiertascrnbe.com.ar\/index.php?rest_route=\/wp\/v2\/pages\/6\/revisions\/79"}],"wp:attachment":[{"href":"https:\/\/aguasabiertascrnbe.com.ar\/index.php?rest_route=%2Fwp%2Fv2%2Fmedia&parent=6"}],"curies":[{"name":"wp","href":"https:\/\/api.w.org\/{rel}","templated":true}]}}